{"id":1050,"date":"2017-05-25T15:47:29","date_gmt":"2017-05-25T15:47:29","guid":{"rendered":"https:\/\/www.frontagelab.com\/?page_id=1050"},"modified":"2017-07-11T09:24:35","modified_gmt":"2017-07-11T13:24:35","slug":"refiere-a-un-amigo","status":"publish","type":"page","link":"https:\/\/frontagelab.com.cn\/en\/refiere-a-un-amigo\/","title":{"rendered":"Refiere a un amigo"},"content":{"rendered":"<h2>Programa de referido<\/h2>\n<p>Puede referir a sus amigos a participar en un estudio cl\u00ednico y recibir\u00e1 100 d\u00f3lares por cada referencia.<\/p>\n<h2>Calificaci\u00f3n del programa de referido<\/h2>\n<ul>\n<li>La persona que Ud. refiera debe ser nueva y no estar registrada en nuestra lista de contactos existente y debe completar un estudio para que usted reciba el pago de referido.<\/li>\n<li>Este programa est\u00e1 destinado a la remisi\u00f3n de amigos o miembros de la familia solamente. Usted no puede anunciar ni hacer ninguna solicitud general para que las personas participen en un estudio. La elegibilidad del programa de referido ser\u00e1 determinado por Frontage. Frontage tiene el derecho de cambiar, enmendar, modificar o terminar este programa de referido en cualquier momento sin previo aviso.<\/li>\n<\/ul>\n<p>&nbsp;<\/p>\n","protected":false},"excerpt":{"rendered":"<p>Programa de referido Puede referir a sus amigos a participar en un estudio cl\u00ednico y recibir\u00e1 100 d\u00f3lares por cada&#8230;<\/p>\n","protected":false},"author":31,"featured_media":0,"parent":0,"menu_order":103,"comment_status":"closed","ping_status":"closed","template":"","meta":{"_acf_changed":false,"footnotes":""},"class_list":["post-1050","page","type-page","status-publish","hentry"],"acf":[],"_links":{"self":[{"href":"https:\/\/frontagelab.com.cn\/en\/wp-json\/wp\/v2\/pages\/1050","targetHints":{"allow":["GET"]}}],"collection":[{"href":"https:\/\/frontagelab.com.cn\/en\/wp-json\/wp\/v2\/pages"}],"about":[{"href":"https:\/\/frontagelab.com.cn\/en\/wp-json\/wp\/v2\/types\/page"}],"author":[{"embeddable":true,"href":"https:\/\/frontagelab.com.cn\/en\/wp-json\/wp\/v2\/users\/31"}],"replies":[{"embeddable":true,"href":"https:\/\/frontagelab.com.cn\/en\/wp-json\/wp\/v2\/comments?post=1050"}],"version-history":[{"count":0,"href":"https:\/\/frontagelab.com.cn\/en\/wp-json\/wp\/v2\/pages\/1050\/revisions"}],"wp:attachment":[{"href":"https:\/\/frontagelab.com.cn\/en\/wp-json\/wp\/v2\/media?parent=1050"}],"curies":[{"name":"wp","href":"https:\/\/api.w.org\/{rel}","templated":true}]}}