{"id":1055,"date":"2017-05-25T15:51:18","date_gmt":"2017-05-25T15:51:18","guid":{"rendered":"https:\/\/www.frontagelab.com\/?page_id=1055"},"modified":"2017-07-11T14:09:29","modified_gmt":"2017-07-11T18:09:29","slug":"sobre-nuestra-clinica","status":"publish","type":"page","link":"https:\/\/frontagelab.com.cn\/en\/sobre-nuestra-clinica\/","title":{"rendered":"Sobre Nuestra Cl\u00ednica"},"content":{"rendered":"<p><img loading=\"lazy\" decoding=\"async\" class=\"size-medium wp-image-661 alignright\" src=\"https:\/\/www.frontagelab.com\/wp-content\/uploads\/2017\/04\/Clinical-Beds-1-300x169.jpg\" alt=\"clinical beds\" width=\"300\" height=\"169\" srcset=\"https:\/\/frontagelab.com.cn\/wp-content\/uploads\/2017\/04\/Clinical-Beds-1-300x169.jpg 300w, https:\/\/frontagelab.com.cn\/wp-content\/uploads\/2017\/04\/Clinical-Beds-1-768x432.jpg 768w, https:\/\/frontagelab.com.cn\/wp-content\/uploads\/2017\/04\/Clinical-Beds-1-765x430.jpg 765w, https:\/\/frontagelab.com.cn\/wp-content\/uploads\/2017\/04\/Clinical-Beds-1-100x56.jpg 100w, https:\/\/frontagelab.com.cn\/wp-content\/uploads\/2017\/04\/Clinical-Beds-1.jpg 1000w\" sizes=\"auto, (max-width: 300px) 100vw, 300px\" \/><\/p>\n<p>El Centro Cl\u00ednico Frontage es un moderno y c\u00f3modo establecimiento ubicado a 20 millas de Nueva York en Secaucus, Nueva Jersey. Es f\u00e1cilmente accesible en coche, tren o autob\u00fas.<\/p>\n<p>Hay 160 camas que se organizan en diferentes \u00e1reas de la instalaci\u00f3n, que se puede dividir para mayor privacidad.<\/p>\n<p>El personal de Frontage es altamente calificado, experimentado y amable y trata a todos los voluntarios con respeto y compasi\u00f3n.<\/p>\n<ul>\n<li>\u00bd milla de el hospital local<\/li>\n<li>Cerca de los principales aeropuertos y transporte p\u00fablico<\/li>\n<li>36,000 pies cuadrados<\/li>\n<li>M\u00faltiples unidades que se pueden combinar para acomodar cualquier estudio.<\/li>\n<li>Unidad de telemetr\u00eda<\/li>\n<li>Manejo seguro de drogas incluyendo el manejo de sustancias controladas (Licencia del Ap\u00e9ndice 2-5)<\/li>\n<\/ul>\n<p><img loading=\"lazy\" decoding=\"async\" class=\"size-medium wp-image-659 alignright\" src=\"https:\/\/www.frontagelab.com\/wp-content\/uploads\/2017\/04\/Clinical-Rec-Room-300x200.jpg\" alt=\"Clinical Rec Room\" width=\"300\" height=\"200\" srcset=\"https:\/\/frontagelab.com.cn\/wp-content\/uploads\/2017\/04\/Clinical-Rec-Room-300x200.jpg 300w, https:\/\/frontagelab.com.cn\/wp-content\/uploads\/2017\/04\/Clinical-Rec-Room-768x512.jpg 768w, https:\/\/frontagelab.com.cn\/wp-content\/uploads\/2017\/04\/Clinical-Rec-Room-100x67.jpg 100w, https:\/\/frontagelab.com.cn\/wp-content\/uploads\/2017\/04\/Clinical-Rec-Room.jpg 1000w\" sizes=\"auto, (max-width: 300px) 100vw, 300px\" \/><\/p>\n<h4>Su estad\u00eda en Frontage<\/h4>\n<p>Para la mayor\u00eda de los estudios cl\u00ednicos, debe permanecer en la cl\u00ednica durante al menos 2 d\u00edas y 1 noche. Sin embargo, esta duraci\u00f3n puede variar.<\/p>\n<ul>\n<li>Modernos, amplios y c\u00f3modos cuartos<\/li>\n<li>Ba\u00f1os limpios y reci\u00e9n actualizados<\/li>\n<li>Grandes \u00e1reas de entretenimiento y comedores<\/li>\n<\/ul>\n<h4>Entretenimiento<\/h4>\n<p>Los voluntarios tendr\u00e1n tiempo libre entre los procedimientos. Tambi\u00e9n tendr\u00e1n acceso a televisi\u00f3n por sat\u00e9lite, una variada selecci\u00f3n de pel\u00edculas, juegos de mesa, peri\u00f3dicos, revistas, e internet inal\u00e1mbrico (WiFi).<\/p>\n<p>Se le recomienda a los voluntarios traer estos art\u00edculos de casa:<\/p>\n<ul>\n<li>Computador port\u00e1til o tableta<\/li>\n<li>Aud\u00edfonos<\/li>\n<li>Trabajo escolar<\/li>\n<\/ul>\n<p><img loading=\"lazy\" decoding=\"async\" class=\"size-medium wp-image-662 alignright\" src=\"https:\/\/www.frontagelab.com\/wp-content\/uploads\/2017\/04\/Clinical-Dining-Room-300x200.jpg\" alt=\"clinical dining room\" width=\"300\" height=\"200\" srcset=\"https:\/\/frontagelab.com.cn\/wp-content\/uploads\/2017\/04\/Clinical-Dining-Room-300x200.jpg 300w, https:\/\/frontagelab.com.cn\/wp-content\/uploads\/2017\/04\/Clinical-Dining-Room-768x512.jpg 768w, https:\/\/frontagelab.com.cn\/wp-content\/uploads\/2017\/04\/Clinical-Dining-Room-100x67.jpg 100w, https:\/\/frontagelab.com.cn\/wp-content\/uploads\/2017\/04\/Clinical-Dining-Room.jpg 1000w\" sizes=\"auto, (max-width: 300px) 100vw, 300px\" \/><\/p>\n<h4>Alimentacion<\/h4>\n<p>Se le proveer\u00e1 con 3 comidas al d\u00eda m\u00e1s un refrigerio de los restaurantes seleccionados por el equipo m\u00e9dico.<\/p>\n<p>Algunos estudios requieren ayunar durante la noche, una dieta especial, por periodos de tiempo. El equipo m\u00e9dico necesita registrar el tiempo en que se empez\u00f3 a comer y la cantidad.<\/p>\n<h2>Nuestro Equipo<\/h2>\n<p>La seguridad de nuestros voluntarios es nuestra m\u00e1xima prioridad. Esta es la raz\u00f3n porque las pruebas se llevan a cabo de acuerdo a las medidas estrictas y supervisadas \u200b\u200bpor los profesionales m\u00e9dicos.<\/p>\n<p>A cualquier hora del d\u00eda o de la noche, nuestro personal estar\u00e1 all\u00ed para responder a todas sus preguntas y atender todas sus necesidades. Todos nuestros estudios cumplen con las regulaciones de la FDA y nuestros protocolos de investigaci\u00f3n son revisados \u200b\u200bpor una junta de revisi\u00f3n institucional que protege los derechos, la seguridad y el bienestar de los voluntarios.<\/p>\n","protected":false},"excerpt":{"rendered":"<p>El Centro Cl\u00ednico Frontage es un moderno y c\u00f3modo establecimiento ubicado a 20 millas de Nueva York en Secaucus, Nueva&#8230;<\/p>\n","protected":false},"author":31,"featured_media":0,"parent":0,"menu_order":104,"comment_status":"closed","ping_status":"closed","template":"","meta":{"_acf_changed":false,"footnotes":""},"class_list":["post-1055","page","type-page","status-publish","hentry"],"acf":[],"_links":{"self":[{"href":"https:\/\/frontagelab.com.cn\/en\/wp-json\/wp\/v2\/pages\/1055","targetHints":{"allow":["GET"]}}],"collection":[{"href":"https:\/\/frontagelab.com.cn\/en\/wp-json\/wp\/v2\/pages"}],"about":[{"href":"https:\/\/frontagelab.com.cn\/en\/wp-json\/wp\/v2\/types\/page"}],"author":[{"embeddable":true,"href":"https:\/\/frontagelab.com.cn\/en\/wp-json\/wp\/v2\/users\/31"}],"replies":[{"embeddable":true,"href":"https:\/\/frontagelab.com.cn\/en\/wp-json\/wp\/v2\/comments?post=1055"}],"version-history":[{"count":0,"href":"https:\/\/frontagelab.com.cn\/en\/wp-json\/wp\/v2\/pages\/1055\/revisions"}],"wp:attachment":[{"href":"https:\/\/frontagelab.com.cn\/en\/wp-json\/wp\/v2\/media?parent=1055"}],"curies":[{"name":"wp","href":"https:\/\/api.w.org\/{rel}","templated":true}]}}