{"id":1059,"date":"2017-05-25T15:53:11","date_gmt":"2017-05-25T15:53:11","guid":{"rendered":"https:\/\/www.frontagelab.com\/?page_id=1059"},"modified":"2017-08-03T10:06:08","modified_gmt":"2017-08-03T14:06:08","slug":"contactenos","status":"publish","type":"page","link":"https:\/\/frontagelab.com.cn\/zh_cn\/%e6%8e%a5%e8%a7%a6%e8%80%85\/","title":{"rendered":"\u8054\u7cfb\u65b9\u5f0f"},"content":{"rendered":"<h2>Centro Cl\u00ednico de Investigaci\u00f3n (Fase I-II &amp; estudios BE)<\/h2>\n<h3>Para participar en un estudio, llama a nuestro n\u00famero gratuito: 1.877.298.9071<\/h3>\n<ul>\n<li><a href=\"mailto:ClinicRecruitmentDept@frontagelab.com\">Entre aqu\u00ed para enviarnos un correo electr\u00f3nico<\/a><\/li>\n<li><span style=\"font-size: 1.125rem;\"><a href=\"https:\/\/www.frontagelab.com\/inscribirse-en-estudio-clinico\/\">Entre aqu\u00ed para registrarse en un estudio cl\u00ednico<\/a><\/span><\/li>\n<\/ul>\n<h3>Direcciones hacia Nuestra Cl\u00ednica<\/h3>\n<p>200\u6885\u591a\u5170\u5179\u5927\u8def<br \/>\n\u9521\u8003\u514b\u65af\uff0c\u65b0\u6cfd\u897f\u5dde\uff0c07094<\/p>\n<p>N\u00famero Gratuito: 1.888.227.9499<br \/>\n\u4f20\u771f\uff1a201.552.2597<\/p>\n<p>Nuestra Cl\u00ednica est\u00e1 ubicada a 30 minutos de la terminal de autob\u00fas Port Authority en Nueva York<\/p>\n<ul>\n<li>Tome el Autob\u00fas # 129 de NJ Transit hacia la parada American Way en Hartz Way (232W) camine 1 minuto hacia la cl\u00ednica<\/li>\n<li>Tome el Autob\u00fas # 320 de NJ Transit hacia la parada Plaza Dr 300 w en Paterson Plank Rd. Despu\u00e9s tome el autob\u00fas # 78 de NJ Transit hacia Meadowlands Pkwy en American Way. Camine 1 minuto hacia la cl\u00ednica<\/li>\n<\/ul>\n<p>Horario h\u00e1bil de lunes a viernes: 8:30 AM \u2013 5:00 PM<\/p>","protected":false},"excerpt":{"rendered":"<p>Centro Cl\u00ednico de Investigaci\u00f3n (Fase I-II &amp; estudios BE) Para participar en un estudio, llama a nuestro n\u00famero gratuito: 1.877.298.9071&#8230;<\/p>","protected":false},"author":31,"featured_media":0,"parent":0,"menu_order":106,"comment_status":"closed","ping_status":"closed","template":"","meta":{"_acf_changed":false,"footnotes":""},"class_list":["post-1059","page","type-page","status-publish","hentry"],"acf":[],"_links":{"self":[{"href":"https:\/\/frontagelab.com.cn\/zh_cn\/wp-json\/wp\/v2\/pages\/1059","targetHints":{"allow":["GET"]}}],"collection":[{"href":"https:\/\/frontagelab.com.cn\/zh_cn\/wp-json\/wp\/v2\/pages"}],"about":[{"href":"https:\/\/frontagelab.com.cn\/zh_cn\/wp-json\/wp\/v2\/types\/page"}],"author":[{"embeddable":true,"href":"https:\/\/frontagelab.com.cn\/zh_cn\/wp-json\/wp\/v2\/users\/31"}],"replies":[{"embeddable":true,"href":"https:\/\/frontagelab.com.cn\/zh_cn\/wp-json\/wp\/v2\/comments?post=1059"}],"version-history":[{"count":0,"href":"https:\/\/frontagelab.com.cn\/zh_cn\/wp-json\/wp\/v2\/pages\/1059\/revisions"}],"wp:attachment":[{"href":"https:\/\/frontagelab.com.cn\/zh_cn\/wp-json\/wp\/v2\/media?parent=1059"}],"curies":[{"name":"wp","href":"https:\/\/api.w.org\/{rel}","templated":true}]}}